{"id":501,"date":"2023-04-04T10:31:57","date_gmt":"2023-04-04T10:31:57","guid":{"rendered":"https:\/\/zeneielmenyprogram.hu\/?page_id=501"},"modified":"2025-09-13T15:29:20","modified_gmt":"2025-09-13T15:29:20","slug":"enekfelvetel-a-unique-kal","status":"publish","type":"page","link":"https:\/\/zeneielmenyprogram.hu\/en\/maganszemelyeknek\/enekfelvetel-a-unique-kal\/","title":{"rendered":"\u00c9NEKFELV\u00c9TEL A UNIQUE-KAL"},"content":{"rendered":"<div class=\"wp-block-image\">\n<figure class=\"alignleft size-large is-resized\"><img loading=\"lazy\" decoding=\"async\" width=\"1024\" height=\"682\" src=\"https:\/\/zeneielmenyprogram.hu\/wp-content\/uploads\/2023\/04\/ws_08s-1024x682.jpg\" alt=\"\" class=\"wp-image-548\" style=\"width:530px;height:354px\" srcset=\"https:\/\/zeneielmenyprogram.hu\/wp-content\/uploads\/2023\/04\/ws_08s-1024x682.jpg 1024w, https:\/\/zeneielmenyprogram.hu\/wp-content\/uploads\/2023\/04\/ws_08s-300x200.jpg 300w, https:\/\/zeneielmenyprogram.hu\/wp-content\/uploads\/2023\/04\/ws_08s-768x512.jpg 768w, https:\/\/zeneielmenyprogram.hu\/wp-content\/uploads\/2023\/04\/ws_08s-1536x1024.jpg 1536w, https:\/\/zeneielmenyprogram.hu\/wp-content\/uploads\/2023\/04\/ws_08s-360x240.jpg 360w, https:\/\/zeneielmenyprogram.hu\/wp-content\/uploads\/2023\/04\/ws_08s.jpg 2000w\" sizes=\"auto, (max-width: 1024px) 100vw, 1024px\" \/><\/figure>\n<\/div>\n\n\n<p><strong>\u00c9nekelj a legjobb form\u00e1d szerint \u00e9s halld \u00fagy a hangod, ahogy m\u00e9g soha!<\/strong><\/p>\n\n\n\n<p>Profi hangst\u00fadi\u00f3nkban ehhez szakmai seg\u00edts\u00e9get ny\u00fajtunk Neked. A zenei alapot hozd magaddal, vagy ha nincs, jelezd \u00e9s mi megoldjuk! A fel\u00e9nekl\u00e9s sor\u00e1n biztosan izgulni fogsz egy kicsit, de az lenne a furcsa, ha ne nem \u00edgy lenne! <strong>Seg\u00edt\u00fcnk lelazulni, megtal\u00e1lni a hozz\u00e1d legink\u00e1bb ill\u0151 el\u0151ad\u00e1sm\u00f3dot \u00e9s abban is, hogy a legjobb form\u00e1dat hozd ki magadb\u00f3l!<\/strong><\/p>\n\n\n\n<p>Amennyiben az <strong>el\u0151ad\u00e1s, \u00e9nekl\u00e9s, hangk\u00e9pz\u00e9s ter\u00e9n tov\u00e1bbi t\u00e1mogat\u00e1st szeretn\u00e9l, Gabi k\u00e9szs\u00e9gesen seg\u00edt Neked<\/strong> mindebben!<\/p>\n\n\n\n<p>Ezt a programot legink\u00e1bb hobby-, kezd\u0151-, vagy ak\u00e1r halad\u00f3 \u00e9nekeseknek aj\u00e1nljuk, illetve azoknak, akik egyszer\u0171en csak szeretn\u00e9k \u00e9nekesk\u00e9nt kipr\u00f3b\u00e1lni magukat!<\/p>\n\n\n\n<p>Az \u00e1ltalad fel\u00e9nekelt dalt r\u00f6gz\u00edtj\u00fck \u00e9s n\u00e9mi ut\u00f3munka ut\u00e1n, egy digit\u00e1lis bor\u00edt\u00f3fot\u00f3val egy\u00fctt, MP3 form\u00e1tumban, e-mailen megk\u00fcldj\u00fck Neked az esem\u00e9nyt k\u00f6vet\u0151 p\u00e1r napon bel\u00fcl. A program 1 \u00f3r\u00e1s.<\/p>\n\n\n\n<figure class=\"wp-block-table is-style-stripes\"><table><tbody><tr><td class=\"has-text-align-right\" data-align=\"right\">\u00c9nekfelv\u00e9tel Kovacsics \u00c1d\u00e1mmal<\/td><td>39.000 Ft<\/td><\/tr><tr><td class=\"has-text-align-right\" data-align=\"right\">\u00c9nekfelv\u00e9tel Kovacsics \u00c1d\u00e1mmal \u00e9s V\u00f6lgyesi Gabival<\/td><td>69.000 Ft<\/td><\/tr><\/tbody><\/table><\/figure>\n\n\n\n<div style=\"height:20px\" aria-hidden=\"true\" class=\"wp-block-spacer\"><\/div>\n\n\n\n<h4 class=\"wp-block-heading has-text-align-center has-white-color has-accent-background-color has-text-color has-background\"><strong>\u00c9RDEKL\u0150D\u00c9S<\/strong><\/h4>\n\n\n\n<div id=\"wp-block-themeisle-blocks-advanced-columns-1938a492\" class=\"wp-block-themeisle-blocks-advanced-columns has-3-columns has-desktop-equal-layout has-tablet-equal-layout has-mobile-collapsedRows-layout has-vertical-unset\"><div class=\"wp-block-themeisle-blocks-advanced-columns-overlay\"><\/div><div class=\"innerblocks-wrap\">\n<div id=\"wp-block-themeisle-blocks-advanced-column-9b66978c\" class=\"wp-block-themeisle-blocks-advanced-column\"><\/div>\n\n\n\n<div id=\"wp-block-themeisle-blocks-advanced-column-ab60583d\" class=\"wp-block-themeisle-blocks-advanced-column\">\n<div class=\"wp-block-contact-form-7-contact-form-selector\">\n<div class=\"wpcf7 no-js\" id=\"wpcf7-f223-o1\" lang=\"hu-HU\" dir=\"ltr\" data-wpcf7-id=\"223\">\n<div class=\"screen-reader-response\"><p role=\"status\" aria-live=\"polite\" aria-atomic=\"true\"><\/p> <ul><\/ul><\/div>\n<form action=\"\/en\/wp-json\/wp\/v2\/pages\/501#wpcf7-f223-o1\" method=\"post\" class=\"wpcf7-form init\" aria-label=\"Kapcsolatfelv\u00e9teli \u0171rlap\" novalidate=\"novalidate\" data-status=\"init\" data-trp-original-action=\"\/en\/wp-json\/wp\/v2\/pages\/501#wpcf7-f223-o1\">\n<fieldset class=\"hidden-fields-container\"><input type=\"hidden\" name=\"_wpcf7\" value=\"223\" \/><input type=\"hidden\" name=\"_wpcf7_version\" value=\"6.1.4\" \/><input type=\"hidden\" name=\"_wpcf7_locale\" value=\"hu_HU\" \/><input type=\"hidden\" name=\"_wpcf7_unit_tag\" value=\"wpcf7-f223-o1\" \/><input type=\"hidden\" name=\"_wpcf7_container_post\" value=\"0\" \/><input type=\"hidden\" name=\"_wpcf7_posted_data_hash\" value=\"\" \/>\n<\/fieldset>\n<p><label> N\u00e9v<br \/>\n<span class=\"wpcf7-form-control-wrap\" data-name=\"your-name\"><input size=\"40\" maxlength=\"400\" class=\"wpcf7-form-control wpcf7-text wpcf7-validates-as-required\" autocomplete=\"name\" aria-required=\"true\" aria-invalid=\"false\" value=\"\" type=\"text\" name=\"your-name\" \/><\/span> <\/label>\n<\/p>\n<p><label> E-mail c\u00edm<br \/>\n<span class=\"wpcf7-form-control-wrap\" data-name=\"your-email\"><input size=\"40\" maxlength=\"400\" class=\"wpcf7-form-control wpcf7-email wpcf7-validates-as-required wpcf7-text wpcf7-validates-as-email\" autocomplete=\"email\" aria-required=\"true\" aria-invalid=\"false\" value=\"\" type=\"email\" name=\"your-email\" \/><\/span> <\/label>\n<\/p>\n<p><label> T\u00e1rgy<br \/>\n<span class=\"wpcf7-form-control-wrap\" data-name=\"your-subject\"><input size=\"40\" maxlength=\"400\" class=\"wpcf7-form-control wpcf7-text wpcf7-validates-as-required\" aria-required=\"true\" aria-invalid=\"false\" value=\"\" type=\"text\" name=\"your-subject\" \/><\/span> <\/label>\n<\/p>\n<p><label> \u00dczenet<br \/>\n<span class=\"wpcf7-form-control-wrap\" data-name=\"your-message\"><textarea cols=\"40\" rows=\"10\" maxlength=\"2000\" class=\"wpcf7-form-control wpcf7-textarea\" aria-invalid=\"false\" name=\"your-message\"><\/textarea><\/span> <\/label>\n<\/p>\n<p><input class=\"wpcf7-form-control wpcf7-submit has-spinner\" type=\"submit\" value=\"Elk\u00fcld\u00e9s\" \/>\n<\/p><div class=\"wpcf7-response-output\" aria-hidden=\"true\"><\/div>\n<input type=\"hidden\" name=\"trp-form-language\" value=\"en\"\/><\/form>\n<\/div>\n<\/div>\n<\/div>\n\n\n\n<div id=\"wp-block-themeisle-blocks-advanced-column-7144f0f6\" class=\"wp-block-themeisle-blocks-advanced-column\"><\/div>\n<\/div><\/div>","protected":false},"excerpt":{"rendered":"<p>\u00c9nekelj a legjobb form\u00e1d szerint \u00e9s halld \u00fagy a hangod, ahogy m\u00e9g soha! Profi hangst\u00fadi\u00f3nkban ehhez szakmai seg\u00edts\u00e9get ny\u00fajtunk Neked. A zenei alapot hozd magaddal, vagy ha nincs, jelezd \u00e9s mi megoldjuk! A fel\u00e9nekl\u00e9s sor\u00e1n biztosan izgulni fogsz egy kicsit, de az lenne a furcsa, ha ne nem \u00edgy lenne! [&hellip;]<\/p>","protected":false},"author":1,"featured_media":0,"parent":226,"menu_order":0,"comment_status":"closed","ping_status":"closed","template":"","meta":{"ngg_post_thumbnail":0,"_themeisle_gutenberg_block_has_review":false,"footnotes":""},"class_list":["post-501","page","type-page","status-publish","hentry"],"_links":{"self":[{"href":"https:\/\/zeneielmenyprogram.hu\/en\/wp-json\/wp\/v2\/pages\/501","targetHints":{"allow":["GET"]}}],"collection":[{"href":"https:\/\/zeneielmenyprogram.hu\/en\/wp-json\/wp\/v2\/pages"}],"about":[{"href":"https:\/\/zeneielmenyprogram.hu\/en\/wp-json\/wp\/v2\/types\/page"}],"author":[{"embeddable":true,"href":"https:\/\/zeneielmenyprogram.hu\/en\/wp-json\/wp\/v2\/users\/1"}],"replies":[{"embeddable":true,"href":"https:\/\/zeneielmenyprogram.hu\/en\/wp-json\/wp\/v2\/comments?post=501"}],"version-history":[{"count":10,"href":"https:\/\/zeneielmenyprogram.hu\/en\/wp-json\/wp\/v2\/pages\/501\/revisions"}],"predecessor-version":[{"id":1188,"href":"https:\/\/zeneielmenyprogram.hu\/en\/wp-json\/wp\/v2\/pages\/501\/revisions\/1188"}],"up":[{"embeddable":true,"href":"https:\/\/zeneielmenyprogram.hu\/en\/wp-json\/wp\/v2\/pages\/226"}],"wp:attachment":[{"href":"https:\/\/zeneielmenyprogram.hu\/en\/wp-json\/wp\/v2\/media?parent=501"}],"curies":[{"name":"wp","href":"https:\/\/api.w.org\/{rel}","templated":true}]}}