{"id":497,"date":"2023-04-04T10:25:59","date_gmt":"2023-04-04T10:25:59","guid":{"rendered":"https:\/\/zeneielmenyprogram.hu\/?page_id=497"},"modified":"2025-09-13T15:36:05","modified_gmt":"2025-09-13T15:36:05","slug":"hangstudio-tura","status":"publish","type":"page","link":"https:\/\/zeneielmenyprogram.hu\/en\/maganszemelyeknek\/hangstudio-tura\/","title":{"rendered":"HANGST\u00daDI\u00d3 T\u00daRA \u2013 IHLETT\u0150L A HANGFALIG"},"content":{"rendered":"<div class=\"wp-block-image\">\n<figure class=\"alignleft size-large is-resized\"><img loading=\"lazy\" decoding=\"async\" width=\"1024\" height=\"683\" src=\"https:\/\/zeneielmenyprogram.hu\/wp-content\/uploads\/2023\/03\/ws_04_adam-1024x683.jpg\" alt=\"\" class=\"wp-image-215\" style=\"width:530px;height:355px\" srcset=\"https:\/\/zeneielmenyprogram.hu\/wp-content\/uploads\/2023\/03\/ws_04_adam-1024x683.jpg 1024w, https:\/\/zeneielmenyprogram.hu\/wp-content\/uploads\/2023\/03\/ws_04_adam-300x200.jpg 300w, https:\/\/zeneielmenyprogram.hu\/wp-content\/uploads\/2023\/03\/ws_04_adam-768x512.jpg 768w, https:\/\/zeneielmenyprogram.hu\/wp-content\/uploads\/2023\/03\/ws_04_adam-360x240.jpg 360w, https:\/\/zeneielmenyprogram.hu\/wp-content\/uploads\/2023\/03\/ws_04_adam.jpg 1317w\" sizes=\"auto, (max-width: 1024px) 100vw, 1024px\" \/><\/figure>\n<\/div>\n\n<p class=\"western\" align=\"justify\">Ha szereted a popzen\u00e9t \u00e9s <b>\u00e9rdekelnek a sl\u00e1gerk\u00e9sz\u00edt\u00e9s kulisszatitkai,<\/b> \u00e1m laikusk\u00e9nt nincs el\u00e9g ismereted az alkot\u00e1s folyamat\u00e1r\u00f3l, vagy \u00e9ppen kezd\u0151\/profi <b>zen\u00e9szk\u00e9nt fejl\u0151dni szeretn\u00e9l<\/b>, akkor ez a program Neked sz\u00f3l. \u00c1d\u00e1m, a 27 \u00e9ves Unique zenekar zeneszerz\u0151-producere beavat T\u00e9ged a dalszerz\u00e9s r\u00e9szleteibe.<\/p>\n<p class=\"western\" align=\"justify\"><b>Az esem\u00e9ny sor\u00e1n arr\u00f3l esik sz\u00f3 ami Sz\u00e1modra a leg\u00e9rdekesebb \u00e9s olyan m\u00e9lys\u00e9gben, ami Neked a leg\u00e9rthet\u0151bb<\/b>! \u00cdgy pl. foglalkozhatunk az ihlettel, hogy mit\u0151l lesz egy dal sl\u00e1ger, a hangszerel\u00e9s- \u00e9s harm\u00f3ni\u00e1k alapjaival, a Mesters\u00e9ges Intelligencia alap\u00fa zenei szoftverek-, hangsz\u00ednek, effektek haszn\u00e1lat\u00e1val, azzal, hogy hogyan \u00e9p\u00edtkezhet egy dal \u00e9s mit\u0151l lehet dinamikus, a fel\u00e9nekl\u00e9s technik\u00e1ival, a dal kever\u00e9s\u00e9vel vagy a v\u00e9gs\u0151 sim\u00edt\u00e1saival, a maszteringgel.<\/p>\n<p class=\"western\" align=\"justify\">Ez a program nagyon sz\u00e9les sk\u00e1l\u00e1n k\u00edn\u00e1lhat tartalmat Sz\u00e1modra, att\u00f3l f\u00fcgg\u0151en, hogy mi \u00e9rdekelhet a folyamatban. <b>Hagyd magad inspir\u00e1l\u00f3dni \u00e9s engedd, hogy el\u0151t\u00f6rj\u00f6n Bel\u0151led a zeneis\u00e9g, a benned szunnyad\u00f3 zeneszerz\u0151, el\u0151ad\u00f3, vagy producer!<\/b><\/p>\n<p class=\"western\" align=\"justify\">Az esem\u00e9ny sor\u00e1n <b>elkezdhettek a gyakorlatban is meg\u00edrni egy dalt, vagy ak\u00e1r egy dal\u00f6tleteden dolgozhatok tov\u00e1bb<\/b>. (Az egy \u00f3ra azonban ahhoz nem el\u00e9g, hogy a null\u00e1r\u00f3l egy eg\u00e9sz dal sz\u00fclethessen.)<\/p>\n<p class=\"western\" align=\"justify\">A program sor\u00e1n term\u00e9szetesen kipr\u00f3b\u00e1lhatj\u00e1tok a jelenl\u00e9v\u0151 hangszereket, \u00edgy az elektromos zongor\u00e1t, szintetiz\u00e1tort, git\u00e1rt, \u00fct\u0151- \u00e9s effekthangszereket, elektromos dobot, vagy \u00e9ppen a mikrofont. A program 1 \u00f3r\u00e1s.<\/p>\n<p class=\"western\" align=\"justify\">Egy eg\u00e9sz dal meg\u00edr\u00e1s\u00e1ra k\u00e9t tov\u00e1bbi programunkat aj\u00e1nljuk:<br><a href=\"https:\/\/zeneielmenyprogram.hu\/en\/cegeknek\/dalszerzo-elmenyprogram\/\">\u201eDALSZERZ\u0150 \u00c9LM\u00c9NYPROGRAM: V\u00d6LGYESI GABIVAL \u00c9S KOVACSICS \u00c1D\u00c1MMAL\u201d<\/a> <br>\u00e9s a<br><a href=\"https:\/\/zeneielmenyprogram.hu\/en\/cegeknek\/a-mi-dalunk\/\">\u201eA MI DALUNK\u201d \u2013 EGYEDI, SZEM\u00c9LYRE SZ\u00d3L\u00d3 DALSZERZ\u00c9S, V\u00d6LGYESI GABIVAL, KOVACSICS \u00c1D\u00c1MMAL \u00c9S MAJOR ESZTERREL<\/a><\/p>\n\n\n<figure class=\"wp-block-table is-style-stripes\"><table><tbody><tr><td class=\"has-text-align-right\" data-align=\"right\">Hangst\u00fadi\u00f3 T\u00fara | max 3  f\u0151<\/td><td class=\"has-text-align-left\" data-align=\"left\">39.000 Ft<\/td><\/tr><\/tbody><\/table><\/figure>\n\n\n\n<div style=\"height:20px\" aria-hidden=\"true\" class=\"wp-block-spacer\"><\/div>\n\n\n\n<h4 class=\"wp-block-heading has-text-align-center has-white-color has-accent-background-color has-text-color has-background\"><strong>\u00c9RDEKL\u0150D\u00c9S<\/strong><\/h4>\n\n\n\n<div id=\"wp-block-themeisle-blocks-advanced-columns-1938a492\" class=\"wp-block-themeisle-blocks-advanced-columns has-3-columns has-desktop-equal-layout has-tablet-equal-layout has-mobile-collapsedRows-layout has-vertical-unset\"><div class=\"wp-block-themeisle-blocks-advanced-columns-overlay\"><\/div><div class=\"innerblocks-wrap\">\n<div id=\"wp-block-themeisle-blocks-advanced-column-9b66978c\" class=\"wp-block-themeisle-blocks-advanced-column\"><\/div>\n\n\n\n<div id=\"wp-block-themeisle-blocks-advanced-column-ab60583d\" class=\"wp-block-themeisle-blocks-advanced-column\">\n<div class=\"wp-block-contact-form-7-contact-form-selector\">\n<div class=\"wpcf7 no-js\" id=\"wpcf7-f223-o1\" lang=\"hu-HU\" dir=\"ltr\" data-wpcf7-id=\"223\">\n<div class=\"screen-reader-response\"><p role=\"status\" aria-live=\"polite\" aria-atomic=\"true\"><\/p> <ul><\/ul><\/div>\n<form action=\"\/en\/wp-json\/wp\/v2\/pages\/497#wpcf7-f223-o1\" method=\"post\" class=\"wpcf7-form init\" aria-label=\"Kapcsolatfelv\u00e9teli \u0171rlap\" novalidate=\"novalidate\" data-status=\"init\" data-trp-original-action=\"\/en\/wp-json\/wp\/v2\/pages\/497#wpcf7-f223-o1\">\n<fieldset class=\"hidden-fields-container\"><input type=\"hidden\" name=\"_wpcf7\" value=\"223\" \/><input type=\"hidden\" name=\"_wpcf7_version\" value=\"6.1.4\" \/><input type=\"hidden\" name=\"_wpcf7_locale\" value=\"hu_HU\" \/><input type=\"hidden\" name=\"_wpcf7_unit_tag\" value=\"wpcf7-f223-o1\" \/><input type=\"hidden\" name=\"_wpcf7_container_post\" value=\"0\" \/><input type=\"hidden\" name=\"_wpcf7_posted_data_hash\" value=\"\" \/>\n<\/fieldset>\n<p><label> N\u00e9v<br \/>\n<span class=\"wpcf7-form-control-wrap\" data-name=\"your-name\"><input size=\"40\" maxlength=\"400\" class=\"wpcf7-form-control wpcf7-text wpcf7-validates-as-required\" autocomplete=\"name\" aria-required=\"true\" aria-invalid=\"false\" value=\"\" type=\"text\" name=\"your-name\" \/><\/span> <\/label>\n<\/p>\n<p><label> E-mail c\u00edm<br \/>\n<span class=\"wpcf7-form-control-wrap\" data-name=\"your-email\"><input size=\"40\" maxlength=\"400\" class=\"wpcf7-form-control wpcf7-email wpcf7-validates-as-required wpcf7-text wpcf7-validates-as-email\" autocomplete=\"email\" aria-required=\"true\" aria-invalid=\"false\" value=\"\" type=\"email\" name=\"your-email\" \/><\/span> <\/label>\n<\/p>\n<p><label> T\u00e1rgy<br \/>\n<span class=\"wpcf7-form-control-wrap\" data-name=\"your-subject\"><input size=\"40\" maxlength=\"400\" class=\"wpcf7-form-control wpcf7-text wpcf7-validates-as-required\" aria-required=\"true\" aria-invalid=\"false\" value=\"\" type=\"text\" name=\"your-subject\" \/><\/span> <\/label>\n<\/p>\n<p><label> \u00dczenet<br \/>\n<span class=\"wpcf7-form-control-wrap\" data-name=\"your-message\"><textarea cols=\"40\" rows=\"10\" maxlength=\"2000\" class=\"wpcf7-form-control wpcf7-textarea\" aria-invalid=\"false\" name=\"your-message\"><\/textarea><\/span> <\/label>\n<\/p>\n<p><input class=\"wpcf7-form-control wpcf7-submit has-spinner\" type=\"submit\" value=\"Elk\u00fcld\u00e9s\" \/>\n<\/p><div class=\"wpcf7-response-output\" aria-hidden=\"true\"><\/div>\n<input type=\"hidden\" name=\"trp-form-language\" value=\"en\"\/><\/form>\n<\/div>\n<\/div>\n<\/div>\n\n\n\n<div id=\"wp-block-themeisle-blocks-advanced-column-7144f0f6\" class=\"wp-block-themeisle-blocks-advanced-column\"><\/div>\n<\/div><\/div>","protected":false},"excerpt":{"rendered":"<p>Ha szereted a popzen\u00e9t \u00e9s \u00e9rdekelnek a sl\u00e1gerk\u00e9sz\u00edt\u00e9s kulisszatitkai, \u00e1m laikusk\u00e9nt nincs el\u00e9g ismereted az alkot\u00e1s folyamat\u00e1r\u00f3l, vagy \u00e9ppen kezd\u0151\/profi zen\u00e9szk\u00e9nt fejl\u0151dni szeretn\u00e9l, akkor ez a program Neked sz\u00f3l. \u00c1d\u00e1m, a 27 \u00e9ves Unique zenekar zeneszerz\u0151-producere beavat T\u00e9ged a dalszerz\u00e9s r\u00e9szleteibe. Az esem\u00e9ny sor\u00e1n arr\u00f3l esik sz\u00f3 ami Sz\u00e1modra a [&hellip;]<\/p>","protected":false},"author":1,"featured_media":0,"parent":226,"menu_order":0,"comment_status":"closed","ping_status":"closed","template":"","meta":{"ngg_post_thumbnail":0,"_themeisle_gutenberg_block_has_review":false,"footnotes":""},"class_list":["post-497","page","type-page","status-publish","hentry"],"_links":{"self":[{"href":"https:\/\/zeneielmenyprogram.hu\/en\/wp-json\/wp\/v2\/pages\/497","targetHints":{"allow":["GET"]}}],"collection":[{"href":"https:\/\/zeneielmenyprogram.hu\/en\/wp-json\/wp\/v2\/pages"}],"about":[{"href":"https:\/\/zeneielmenyprogram.hu\/en\/wp-json\/wp\/v2\/types\/page"}],"author":[{"embeddable":true,"href":"https:\/\/zeneielmenyprogram.hu\/en\/wp-json\/wp\/v2\/users\/1"}],"replies":[{"embeddable":true,"href":"https:\/\/zeneielmenyprogram.hu\/en\/wp-json\/wp\/v2\/comments?post=497"}],"version-history":[{"count":21,"href":"https:\/\/zeneielmenyprogram.hu\/en\/wp-json\/wp\/v2\/pages\/497\/revisions"}],"predecessor-version":[{"id":1190,"href":"https:\/\/zeneielmenyprogram.hu\/en\/wp-json\/wp\/v2\/pages\/497\/revisions\/1190"}],"up":[{"embeddable":true,"href":"https:\/\/zeneielmenyprogram.hu\/en\/wp-json\/wp\/v2\/pages\/226"}],"wp:attachment":[{"href":"https:\/\/zeneielmenyprogram.hu\/en\/wp-json\/wp\/v2\/media?parent=497"}],"curies":[{"name":"wp","href":"https:\/\/api.w.org\/{rel}","templated":true}]}}